{"id":337,"date":"2018-10-16T13:53:07","date_gmt":"2018-10-16T11:53:07","guid":{"rendered":"https:\/\/esturf.com\/register\/edit-your-profile\/"},"modified":"2021-09-03T15:31:56","modified_gmt":"2021-09-03T13:31:56","slug":"edit-your-profile","status":"publish","type":"page","link":"https:\/\/esturf.com\/en\/register\/edit-your-profile\/","title":{"rendered":"Edit Your Profile"},"content":{"rendered":"<p>[et_pb_section fb_built=\u00a0\u00bb1&Prime; admin_label=\u00a0\u00bbsection\u00a0\u00bb _builder_version=\u00a0\u00bb4.7.6&Prime; background_enable_color=\u00a0\u00bboff\u00a0\u00bb background_enable_image=\u00a0\u00bboff\u00a0\u00bb][et_pb_row _builder_version=\u00a0\u00bb3.25&Prime;][et_pb_column type=\u00a0\u00bb4_4&Prime; _builder_version=\u00a0\u00bb3.25&Prime; custom_padding=\u00a0\u00bb|||\u00a0\u00bb custom_padding__hover=\u00a0\u00bb|||\u00a0\u00bb][et_pb_text _builder_version=\u00a0\u00bb4.7.6&Prime; text_text_color=\u00a0\u00bb#ffffff\u00a0\u00bb text_font_size=\u00a0\u00bb24px\u00a0\u00bb header_text_color=\u00a0\u00bb#000000&Prime;]<\/p>\n<p style=\"text-align: center;\"><span style=\"color: #000000;\"><strong>GESTION DE VOTRE PROFIL<\/strong><\/span><\/p>\n<p style=\"text-align: center;\"><strong><img loading=\"lazy\" decoding=\"async\" src=\"https:\/\/esturf.com\/wp-content\/uploads\/2020\/03\/separateur.jpg\" width=\"84\" height=\"3\" alt=\"\" class=\"wp-image-1175 alignnone size-full\" \/><\/strong><\/p>\n<p>[\/et_pb_text][\/et_pb_column][\/et_pb_row][et_pb_row admin_label=\u00a0\u00bbrow\u00a0\u00bb _builder_version=\u00a0\u00bb4.6.0&Prime; background_color=\u00a0\u00bb#ffffff\u00a0\u00bb background_size=\u00a0\u00bbinitial\u00a0\u00bb background_position=\u00a0\u00bbtop_left\u00a0\u00bb background_repeat=\u00a0\u00bbrepeat\u00a0\u00bb width=\u00a0\u00bb26%\u00a0\u00bb width_tablet=\u00a0\u00bb57%\u00a0\u00bb width_phone=\u00a0\u00bb98%\u00a0\u00bb width_last_edited=\u00a0\u00bbon|desktop\u00a0\u00bb max_width=\u00a0\u00bb80%\u00a0\u00bb custom_padding=\u00a0\u00bb|14px||18px|false|false\u00a0\u00bb box_shadow_style=\u00a0\u00bbpreset1&Prime;][et_pb_column type=\u00a0\u00bb4_4&Prime; _builder_version=\u00a0\u00bb4.4.1&Prime; custom_padding=\u00a0\u00bb|||\u00a0\u00bb custom_padding__hover=\u00a0\u00bb|||\u00a0\u00bb][et_pb_text admin_label=\u00a0\u00bbText\u00a0\u00bb _builder_version=\u00a0\u00bb4.4.1&Prime; background_color=\u00a0\u00bb#ffffff\u00a0\u00bb background_size=\u00a0\u00bbinitial\u00a0\u00bb background_position=\u00a0\u00bbtop_left\u00a0\u00bb background_repeat=\u00a0\u00bbrepeat\u00a0\u00bb module_alignment=\u00a0\u00bbcenter\u00a0\u00bb]<\/p>\n<p style=\"text-align: center;\">\n\n\t\n\t<form id=\"rcp_login_form\"  class=\"rcp_form\" method=\"POST\" action=\"https:\/\/esturf.com\/en\/wp-json\/wp\/v2\/pages\/337\/\">\n\n\t\t\n\t\t<fieldset class=\"rcp_login_data\">\n\t\t\t<p>\n\t\t\t\t<label for=\"rcp_user_login\">Username or Email<\/label>\n\t\t\t\t<input name=\"rcp_user_login\" id=\"rcp_user_login\" class=\"required\" type=\"text\"\/>\n\t\t\t<\/p>\n\t\t\t<p>\n\t\t\t\t<label for=\"rcp_user_pass\">Password<\/label>\n\t\t\t\t<input name=\"rcp_user_pass\" id=\"rcp_user_pass\" class=\"required\" type=\"password\"\/>\n\t\t\t<\/p>\n\t\t\t\t\t\t<p>\n\t\t\t\t<input type=\"checkbox\" name=\"rcp_user_remember\" id=\"rcp_user_remember\" value=\"1\"\/>\n\t\t\t\t<label for=\"rcp_user_remember\">Remember me<\/label>\n\t\t\t<\/p>\n\t\t\t<p class=\"rcp_lost_password\"><a href=\"\/en\/wp-json\/wp\/v2\/pages\/337?rcp_action=lostpassword\">Lost your password?<\/a><\/p>\n\t\t\t<p>\n\t\t\t\t<input type=\"hidden\" name=\"rcp_action\" value=\"login\"\/>\n\t\t\t\t\t\t\t\t\t<input type=\"hidden\" name=\"rcp_redirect\" value=\"https:\/\/esturf.com\/en\/wp-json\/wp\/v2\/pages\/337\/\"\/>\n\t\t\t\t\t\t\t\t<input type=\"hidden\" name=\"rcp_login_nonce\" value=\"fdd2c36cec\"\/>\n\t\t\t\t<input id=\"rcp_login_submit\" class=\"rcp-button\" type=\"submit\" value=\"Login\"\/>\n\t\t\t<\/p>\n\t\t\t\t\t<\/fieldset>\n\n\t\t\n\t<\/form>\n<\/p>\n<p>[\/et_pb_text][\/et_pb_column][\/et_pb_row][et_pb_row _builder_version=\u00a0\u00bb3.25&Prime;][et_pb_column type=\u00a0\u00bb4_4&Prime; _builder_version=\u00a0\u00bb3.25&Prime; custom_padding=\u00a0\u00bb|||\u00a0\u00bb custom_padding__hover=\u00a0\u00bb|||\u00a0\u00bb][et_pb_text _builder_version=\u00a0\u00bb3.27.4&Prime;]<\/p>\n<p style=\"text-align: center;\">Pour toute question n&rsquo;h\u00e9sitez pas \u00e0 nous contacter\u00a0<\/p>\n<p>[\/et_pb_text][\/et_pb_column][\/et_pb_row][\/et_pb_section][et_pb_section fb_built=\u00a0\u00bb1&Prime; admin_label=\u00a0\u00bbFeatures\u00a0\u00bb _builder_version=\u00a0\u00bb4.6.0&Prime; background_color=\u00a0\u00bb#1c1c1c\u00a0\u00bb background_color_gradient_direction=\u00a0\u00bb1deg\u00a0\u00bb parallax=\u00a0\u00bbon\u00a0\u00bb parallax_method=\u00a0\u00bboff\u00a0\u00bb custom_padding=\u00a0\u00bb42px|0px|18px|0px|false|false\u00a0\u00bb top_divider_style=\u00a0\u00bbtriangle\u00a0\u00bb top_divider_color=\u00a0\u00bb#474747&Prime; top_divider_height=\u00a0\u00bb56px\u00a0\u00bb top_divider_flip=\u00a0\u00bbvertical\u00a0\u00bb bottom_divider_color=\u00a0\u00bb#ffffff\u00a0\u00bb bottom_divider_height=\u00a0\u00bb113px\u00a0\u00bb global_module=\u00a0\u00bb1525&Prime; saved_tabs=\u00a0\u00bball\u00a0\u00bb][et_pb_row column_structure=\u00a0\u00bb1_3,1_3,1_3&Prime; _builder_version=\u00a0\u00bb4.6.0&Prime; custom_margin=\u00a0\u00bb47px|auto||auto||\u00a0\u00bb custom_padding=\u00a0\u00bb12px|||||\u00a0\u00bb][et_pb_column type=\u00a0\u00bb1_3&Prime; _builder_version=\u00a0\u00bb3.25&Prime; custom_padding=\u00a0\u00bb|||\u00a0\u00bb custom_padding__hover=\u00a0\u00bb|||\u00a0\u00bb][et_pb_text _builder_version=\u00a0\u00bb4.8.1&Prime; text_font=\u00a0\u00bb||||||||\u00a0\u00bb text_text_color=\u00a0\u00bb#ffffff\u00a0\u00bb link_text_color=\u00a0\u00bb#ffffff\u00a0\u00bb header_font=\u00a0\u00bb||||||||\u00a0\u00bb header_2_font=\u00a0\u00bb||||||||\u00a0\u00bb header_2_text_align=\u00a0\u00bbcenter\u00a0\u00bb header_2_text_color=\u00a0\u00bb#e1c65c\u00a0\u00bb header_2_font_size=\u00a0\u00bb32px\u00a0\u00bb header_2_line_height=\u00a0\u00bb1.2em\u00a0\u00bb text_orientation=\u00a0\u00bbcenter\u00a0\u00bb custom_margin=\u00a0\u00bb-6px||-6px|||\u00a0\u00bb header_2_font_size_tablet=\u00a0\u00bb50px\u00a0\u00bb header_2_font_size_phone=\u00a0\u00bb30px\u00a0\u00bb header_2_font_size_last_edited=\u00a0\u00bbon|phone\u00a0\u00bb locked=\u00a0\u00bboff\u00a0\u00bb]<\/p>\n<h2>Navigation<\/h2>\n<p><a href=\"https:\/\/esturf.com\/register\">Devenir VIP<\/a><\/p>\n<p><a href=\"https:\/\/esturf.com\/contact\">Contact<\/a><\/p>\n<p><a href=\"https:\/\/esturf.com\/cgu\/\">CGU et Mentions<\/a><\/p>\n<p>[\/et_pb_text][et_pb_text _builder_version=\u00a0\u00bb4.7.6&Prime; text_font=\u00a0\u00bb||||||||\u00a0\u00bb text_text_color=\u00a0\u00bb#ffffff\u00a0\u00bb link_text_color=\u00a0\u00bb#ffffff\u00a0\u00bb header_font=\u00a0\u00bb||||||||\u00a0\u00bb header_2_font=\u00a0\u00bb||||||||\u00a0\u00bb header_2_text_align=\u00a0\u00bbcenter\u00a0\u00bb header_2_text_color=\u00a0\u00bb#e1c65c\u00a0\u00bb header_2_font_size=\u00a0\u00bb32px\u00a0\u00bb header_2_line_height=\u00a0\u00bb1.2em\u00a0\u00bb text_orientation=\u00a0\u00bbcenter\u00a0\u00bb custom_margin=\u00a0\u00bb-6px||-6px|||\u00a0\u00bb custom_padding=\u00a0\u00bb18px|||||\u00a0\u00bb header_2_font_size_tablet=\u00a0\u00bb50px\u00a0\u00bb header_2_font_size_phone=\u00a0\u00bb30px\u00a0\u00bb header_2_font_size_last_edited=\u00a0\u00bbon|phone\u00a0\u00bb locked=\u00a0\u00bboff\u00a0\u00bb]<\/p>\n<h2>Membres VIP<\/h2>\n<p><a href=\"https:\/\/esturf.com\/register\/edit-your-profile\/\">Se connecter<\/a><\/p>\n<p><a href=\"https:\/\/esturf.com\/register\/edit-your-profile\/\">Mot de passe perdu<\/a><\/p>\n<p>[\/et_pb_text][\/et_pb_column][et_pb_column type=\u00a0\u00bb1_3&Prime; _builder_version=\u00a0\u00bb3.25&Prime; custom_padding=\u00a0\u00bb|||\u00a0\u00bb custom_padding__hover=\u00a0\u00bb|||\u00a0\u00bb][et_pb_text _builder_version=\u00a0\u00bb4.9.7&Prime; text_font=\u00a0\u00bb||||||||\u00a0\u00bb text_text_color=\u00a0\u00bb#ffffff\u00a0\u00bb header_font=\u00a0\u00bb||||||||\u00a0\u00bb header_2_font=\u00a0\u00bb||||||||\u00a0\u00bb header_2_text_align=\u00a0\u00bbcenter\u00a0\u00bb header_2_text_color=\u00a0\u00bb#e1c65c\u00a0\u00bb header_2_font_size=\u00a0\u00bb32px\u00a0\u00bb header_2_line_height=\u00a0\u00bb1.2em\u00a0\u00bb text_orientation=\u00a0\u00bbcenter\u00a0\u00bb custom_margin=\u00a0\u00bb-6px||-6px|||\u00a0\u00bb hover_enabled=\u00a0\u00bb0&Prime; header_2_font_size_tablet=\u00a0\u00bb50px\u00a0\u00bb header_2_font_size_phone=\u00a0\u00bb30px\u00a0\u00bb header_2_font_size_last_edited=\u00a0\u00bbon|phone\u00a0\u00bb locked=\u00a0\u00bboff\u00a0\u00bb sticky_enabled=\u00a0\u00bb0&Prime;]<\/p>\n<h2>Nos r\u00e9seaux<\/h2>\n<p><a href=\"https:\/\/www.snapchat.com\/add\/esturf\"><img loading=\"lazy\" decoding=\"async\" src=\"https:\/\/esturf.com\/wp-content\/uploads\/2020\/12\/snapchat-es.png\" width=\"62\" height=\"62\" alt=\"\" class=\"wp-image-2231 alignnone size-full\" srcset=\"https:\/\/esturf.com\/wp-content\/uploads\/2020\/12\/snapchat-es.png 197w, https:\/\/esturf.com\/wp-content\/uploads\/2020\/12\/snapchat-es-150x150.png 150w, https:\/\/esturf.com\/wp-content\/uploads\/2020\/12\/snapchat-es-12x12.png 12w\" sizes=\"(max-width: 62px) 100vw, 62px\" \/><\/a>\u00a0 \u00a0<a href=\"https:\/\/twitter.com\/es_turf\"><img loading=\"lazy\" decoding=\"async\" src=\"https:\/\/esturf.com\/wp-content\/uploads\/2020\/03\/twi-social.png\" width=\"60\" height=\"60\" alt=\"\" class=\"wp-image-1182 alignnone size-full\" \/><\/a>\u00a0 \u00a0<a href=\"https:\/\/www.instagram.com\/es.turf\/\"><img loading=\"lazy\" decoding=\"async\" src=\"https:\/\/esturf.com\/wp-content\/uploads\/2019\/05\/insta.jpg\" width=\"60\" height=\"60\" alt=\"\" class=\"wp-image-1029 alignnone size-full\" srcset=\"https:\/\/esturf.com\/wp-content\/uploads\/2019\/05\/insta.jpg 225w, https:\/\/esturf.com\/wp-content\/uploads\/2019\/05\/insta-150x150.jpg 150w\" sizes=\"(max-width: 60px) 100vw, 60px\" \/><\/a><\/p>\n<p><span>FAMILLE, VIE SOCIALE, SANT\u00c9 FINANCI\u00c8RE. ETES-VOUS PR\u00caT A TOUT MISER ? POUR \u00caTRE AID\u00c9, APPELEZ LE 09-74-75-13-13 (APPEL NON SURTAX\u00c9)<\/span><\/p>\n<p><span><\/span><\/p>\n<p><span>Copyright \u00a9 2020 ES TURF. Tous droits r\u00e9serv\u00e9s. R\u00e9alisation web par Betsite<\/span><\/p>\n<p>[\/et_pb_text][\/et_pb_column][et_pb_column type=\u00a0\u00bb1_3&Prime; _builder_version=\u00a0\u00bb4.5.8&Prime; _module_preset=\u00a0\u00bbdefault\u00a0\u00bb][et_pb_image src=\u00a0\u00bbhttps:\/\/esturf.com\/wp-content\/uploads\/2020\/04\/Paiement-securise-Transpalux-3.png\u00a0\u00bb title_text=\u00a0\u00bbPaiement-securise-Transpalux-3&Prime; _builder_version=\u00a0\u00bb4.5.8&Prime; width=\u00a0\u00bb93%\u00a0\u00bb module_alignment=\u00a0\u00bbcenter\u00a0\u00bb custom_margin=\u00a0\u00bb11px|||||\u00a0\u00bb][\/et_pb_image][et_pb_text _builder_version=\u00a0\u00bb4.4.4&Prime; text_text_color=\u00a0\u00bb#ffffff\u00a0\u00bb text_orientation=\u00a0\u00bbjustified\u00a0\u00bb]<\/p>\n<p><span>Les jeux d&rsquo;argent en ligne sont strictement interdits aux mineurs. Jouez responsable et \u00e0 votre limite : ne misez pas plus d&rsquo;argent que vous pouvez vous le permettre, en fonction de vos moyens.<\/span><\/p>\n<p>[\/et_pb_text][\/et_pb_column][\/et_pb_row][\/et_pb_section]<\/p>\n","protected":false},"excerpt":{"rendered":"<p>GESTION DE VOTRE PROFIL \n\n\t\n\t<form id=\"rcp_login_form\"  class=\"rcp_form\" method=\"POST\" action=\"https:\/\/esturf.com\/en\/wp-json\/wp\/v2\/pages\/337\/\">\n\n\t\t\n\t\t<fieldset class=\"rcp_login_data\">\n\t\t\t<p>\n\t\t\t\t<label for=\"rcp_user_login\">Username or Email<\/label>\n\t\t\t\t<input name=\"rcp_user_login\" id=\"rcp_user_login\" class=\"required\" type=\"text\"\/>\n\t\t\t<\/p>\n\t\t\t<p>\n\t\t\t\t<label for=\"rcp_user_pass\">Password<\/label>\n\t\t\t\t<input name=\"rcp_user_pass\" id=\"rcp_user_pass\" class=\"required\" type=\"password\"\/>\n\t\t\t<\/p>\n\t\t\t\t\t\t<p>\n\t\t\t\t<input type=\"checkbox\" name=\"rcp_user_remember\" id=\"rcp_user_remember\" value=\"1\"\/>\n\t\t\t\t<label for=\"rcp_user_remember\">Remember me<\/label>\n\t\t\t<\/p>\n\t\t\t<p class=\"rcp_lost_password\"><a href=\"\/en\/wp-json\/wp\/v2\/pages\/337?rcp_action=lostpassword\">Lost your password?<\/a><\/p>\n\t\t\t<p>\n\t\t\t\t<input type=\"hidden\" name=\"rcp_action\" value=\"login\"\/>\n\t\t\t\t\t\t\t\t\t<input type=\"hidden\" name=\"rcp_redirect\" value=\"https:\/\/esturf.com\/en\/wp-json\/wp\/v2\/pages\/337\/\"\/>\n\t\t\t\t\t\t\t\t<input type=\"hidden\" name=\"rcp_login_nonce\" value=\"fdd2c36cec\"\/>\n\t\t\t\t<input id=\"rcp_login_submit\" class=\"rcp-button\" type=\"submit\" value=\"Login\"\/>\n\t\t\t<\/p>\n\t\t\t\t\t<\/fieldset>\n\n\t\t\n\t<\/form>\nPour toute question n&rsquo;h\u00e9sitez pas \u00e0 nous contacter\u00a0Navigation Devenir VIP Contact CGU et MentionsMembres VIP Se connecter Mot de passe perduNos r\u00e9seaux \u00a0 \u00a0\u00a0 \u00a0 FAMILLE, VIE SOCIALE, SANT\u00c9 FINANCI\u00c8RE. ETES-VOUS PR\u00caT A TOUT MISER ? POUR \u00caTRE AID\u00c9, APPELEZ LE 09-74-75-13-13 (APPEL NON SURTAX\u00c9) Copyright \u00a9 2020 ES TURF. Tous [&hellip;]<\/p>\n","protected":false},"author":1,"featured_media":0,"parent":334,"menu_order":0,"comment_status":"closed","ping_status":"closed","template":"","meta":{"_et_pb_use_builder":"on","_et_pb_old_content":"[rcp_profile_editor]","_et_gb_content_width":"","footnotes":""},"class_list":["post-337","page","type-page","status-publish","hentry"],"_links":{"self":[{"href":"https:\/\/esturf.com\/en\/wp-json\/wp\/v2\/pages\/337","targetHints":{"allow":["GET"]}}],"collection":[{"href":"https:\/\/esturf.com\/en\/wp-json\/wp\/v2\/pages"}],"about":[{"href":"https:\/\/esturf.com\/en\/wp-json\/wp\/v2\/types\/page"}],"author":[{"embeddable":true,"href":"https:\/\/esturf.com\/en\/wp-json\/wp\/v2\/users\/1"}],"replies":[{"embeddable":true,"href":"https:\/\/esturf.com\/en\/wp-json\/wp\/v2\/comments?post=337"}],"version-history":[{"count":11,"href":"https:\/\/esturf.com\/en\/wp-json\/wp\/v2\/pages\/337\/revisions"}],"predecessor-version":[{"id":2864,"href":"https:\/\/esturf.com\/en\/wp-json\/wp\/v2\/pages\/337\/revisions\/2864"}],"up":[{"embeddable":true,"href":"https:\/\/esturf.com\/en\/wp-json\/wp\/v2\/pages\/334"}],"wp:attachment":[{"href":"https:\/\/esturf.com\/en\/wp-json\/wp\/v2\/media?parent=337"}],"curies":[{"name":"wp","href":"https:\/\/api.w.org\/{rel}","templated":true}]}}