{"id":334,"date":"2018-10-16T13:53:07","date_gmt":"2018-10-16T11:53:07","guid":{"rendered":"https:\/\/esturf.com\/register\/"},"modified":"2021-01-05T09:18:11","modified_gmt":"2021-01-05T08:18:11","slug":"register","status":"publish","type":"page","link":"https:\/\/esturf.com\/en\/register\/","title":{"rendered":"Register"},"content":{"rendered":"<p>[et_pb_section fb_built=\u00a0\u00bb1&Prime; _builder_version=\u00a0\u00bb4.7.6&Prime; background_image=\u00a0\u00bbhttps:\/\/esturf.com\/wp-content\/uploads\/2020\/12\/background.jpg\u00a0\u00bb parallax=\u00a0\u00bbon\u00a0\u00bb bottom_divider_style=\u00a0\u00bbwaves2&Prime; bottom_divider_color=\u00a0\u00bb#000000&Prime;][et_pb_row column_structure=\u00a0\u00bb1_2,1_2&Prime; use_custom_gutter=\u00a0\u00bbon\u00a0\u00bb gutter_width=\u00a0\u00bb2&Prime; _builder_version=\u00a0\u00bb4.4.4&Prime; background_size=\u00a0\u00bbinitial\u00a0\u00bb background_position=\u00a0\u00bbtop_left\u00a0\u00bb background_repeat=\u00a0\u00bbrepeat\u00a0\u00bb][et_pb_column type=\u00a0\u00bb1_2&Prime; _builder_version=\u00a0\u00bb3.25&Prime; custom_padding=\u00a0\u00bb|||\u00a0\u00bb custom_padding__hover=\u00a0\u00bb|||\u00a0\u00bb][et_pb_text _builder_version=\u00a0\u00bb4.5.8&Prime; ul_font=\u00a0\u00bb||||||||\u00a0\u00bb background_color=\u00a0\u00bb#ffffff\u00a0\u00bb background_size=\u00a0\u00bbinitial\u00a0\u00bb background_position=\u00a0\u00bbtop_left\u00a0\u00bb background_repeat=\u00a0\u00bbrepeat\u00a0\u00bb min_height=\u00a0\u00bb573px\u00a0\u00bb custom_padding=\u00a0\u00bb4px|9px|19px|12px|false|false\u00a0\u00bb border_radii=\u00a0\u00bbon|20px|20px|20px|20px\u00a0\u00bb box_shadow_style=\u00a0\u00bbpreset1&Prime;]<\/p>\n\n<h3 class=\"rcp_header\">\n\tRegister New Account<\/h3>\n\n\n<form id=\"rcp_registration_form\" class=\"rcp_form\" method=\"POST\" action=\"https:\/\/esturf.com\/en\/wp-json\/wp\/v2\/pages\/334\/\">\n\n\t\n\t\t\t<div class=\"rcp_login_link\">\n\t\t\t<p><a href=\"https:\/\/esturf.com\/wp-login.php?redirect_to=https%3A%2F%2Festurf.com%2Fen%2Fwp-json%2Fwp%2Fv2%2Fpages%2F334%2F\">Log in<\/a> to renew or change an existing membership.<\/p>\n\t\t<\/div>\n\n\t\t\n\t\t<fieldset class=\"rcp_user_fieldset\">\n\t\t\t<p id=\"rcp_user_login_wrap\">\n\t\t\t\t<label for=\"rcp_user_login\">Username<\/label>\n\t\t\t\t<input name=\"rcp_user_login\" id=\"rcp_user_login\" class=\"required\" type=\"text\" \/>\n\t\t\t<\/p>\n\t\t\t<p id=\"rcp_user_email_wrap\">\n\t\t\t\t<label for=\"rcp_user_email\">Email<\/label>\n\t\t\t\t<input name=\"rcp_user_email\" id=\"rcp_user_email\" class=\"required\" type=\"text\" \/>\n\t\t\t<\/p>\n\t\t\t<p id=\"rcp_user_first_wrap\" class=\"inline\">\n\t\t\t\t<label for=\"rcp_user_first\">First Name<\/label>\n\t\t\t\t<input name=\"rcp_user_first\" id=\"rcp_user_first\" type=\"text\" \/>\n\t\t\t<\/p>\n\t\t\t<p id=\"rcp_user_last_wrap\" class=\"inline-block\">\n\t\t\t\t<label for=\"rcp_user_last\">Last Name<\/label>\n\t\t\t\t<input name=\"rcp_user_last\" id=\"rcp_user_last\" type=\"text\" \/>\n\t\t\t<\/p>\n\t\t\t<p id=\"rcp_password_wrap\" class=\"inline\">\n\t\t\t\t<label for=\"rcp_password\">Password<\/label>\n\t\t\t\t<input name=\"rcp_user_pass\" id=\"rcp_password\" class=\"required\" type=\"password\"\/>\n\t\t\t<\/p>\n\t\t\t<p id=\"rcp_password_again_wrap\" class=\"inline-block\">\n\t\t\t\t<label for=\"rcp_password_again\">Password Again<\/label>\n\t\t\t\t<input name=\"rcp_user_pass_confirm\" id=\"rcp_password_again\" class=\"required\" type=\"password\"\/>\n\t\t\t<\/p>\n\n\t\t\t\n\t\t<\/fieldset>\n\t\n\t\n\t\t\t\t<fieldset class=\"rcp_subscription_fieldset\">\n\t\t\t\t\t\t\t\t\t<p class=\"rcp_subscription_message\">Choose your membership level<\/p>\n\t\t\t\t\t\t<ul id=\"rcp_subscription_levels\">\n\t\t\t\t\t\t\t\t\t\t\t\t\t\t<li class=\"rcp_subscription_level rcp_subscription_level_1\">\n\t\t\t\t\t\t<input type=\"radio\" id=\"rcp_subscription_level_1\" class=\"required rcp_level\" checked=\"checked\" name=\"rcp_level\" rel=\"9.99\" value=\"1\" \/>\n\t\t\t\t\t\t<label for=\"rcp_subscription_level_1\">\n\t\t\t\t\t\t\t<span class=\"rcp_subscription_level_name\">PACK CLASSIQUE<\/span><span class=\"rcp_separator\">&nbsp;-&nbsp;<\/span><span class=\"rcp_price\" rel=\"9.99\">9.99&#8364;<\/span><span class=\"rcp_separator\">&nbsp;-&nbsp;<\/span>\n\t\t\t\t\t\t\t<span class=\"rcp_level_duration\">1&nbsp;Month<\/span>\n\t\t\t\t\t\t\t\t\t\t\t\t\t\t<div class=\"rcp_level_description\"> 1 MOIS SANS ENGAGEMENT<\/div>\n\t\t\t\t\t\t<\/label>\n\t\t\t\t\t<\/li>\n\t\t\t\t\t\t\t\t\t\t\t\t\t\t\t\t\t\t\t<li class=\"rcp_subscription_level rcp_subscription_level_2\">\n\t\t\t\t\t\t<input type=\"radio\" id=\"rcp_subscription_level_2\" class=\"required rcp_level\"  name=\"rcp_level\" rel=\"39.99\" value=\"2\" \/>\n\t\t\t\t\t\t<label for=\"rcp_subscription_level_2\">\n\t\t\t\t\t\t\t<span class=\"rcp_subscription_level_name\">PACK DU CRACK<\/span><span class=\"rcp_separator\">&nbsp;-&nbsp;<\/span><span class=\"rcp_price\" rel=\"39.99\">39.99&#8364;<\/span><span class=\"rcp_separator\">&nbsp;-&nbsp;<\/span>\n\t\t\t\t\t\t\t<span class=\"rcp_level_duration\">1&nbsp;Month<\/span>\n\t\t\t\t\t\t\t\t\t\t\t\t\t\t<div class=\"rcp_level_description\"> 1 MOIS SANS ENGAGEMENT<\/div>\n\t\t\t\t\t\t<\/label>\n\t\t\t\t\t<\/li>\n\t\t\t\t\t\t\t\t\t\t\t\t\t\t\t\t\t\t\t<li class=\"rcp_subscription_level rcp_subscription_level_3\">\n\t\t\t\t\t\t<input type=\"radio\" id=\"rcp_subscription_level_3\" class=\"required rcp_level\"  name=\"rcp_level\" rel=\"249.99\" value=\"3\" \/>\n\t\t\t\t\t\t<label for=\"rcp_subscription_level_3\">\n\t\t\t\t\t\t\t<span class=\"rcp_subscription_level_name\">PACK SUR-MESURE<\/span><span class=\"rcp_separator\">&nbsp;-&nbsp;<\/span><span class=\"rcp_price\" rel=\"249.99\">249.99&#8364;<\/span><span class=\"rcp_separator\">&nbsp;-&nbsp;<\/span>\n\t\t\t\t\t\t\t<span class=\"rcp_level_duration\">1&nbsp;Month<\/span>\n\t\t\t\t\t\t\t\t\t\t\t\t\t\t<div class=\"rcp_level_description\"> 1 MOIS SANS ENGAGEMENT<\/div>\n\t\t\t\t\t\t<\/label>\n\t\t\t\t\t<\/li>\n\t\t\t\t\t\t\t\t\t\t\t\t<\/ul>\n\t\t\t\t<\/fieldset>\n\t\t\t<fieldset class=\"rcp_discounts_fieldset\">\n\t\t\t<p id=\"rcp_discount_code_wrap\">\n\t\t\t\t<label for=\"rcp_discount_code\">\n\t\t\t\t\tDiscount Code\t\t\t\t\t<span class=\"rcp_discount_valid\" style=\"display: none;\"> - Valid<\/span>\n\t\t\t\t\t<span class=\"rcp_discount_invalid\" style=\"display: none;\"> - Invalid<\/span>\n\t\t\t\t<\/label>\n\t\t\t\t<span class=\"rcp_discount_code_field_wrap\">\n\t\t\t\t\t<input type=\"text\" id=\"rcp_discount_code\" name=\"rcp_discount\" class=\"rcp_discount_code\" value=\"\"\/>\n\t\t\t\t\t<button class=\"rcp_button\" id=\"rcp_apply_discount\">Apply<\/button>\n\t\t\t\t<\/span>\n\t\t\t<\/p>\n\t\t<\/fieldset>\n\t\t<div class=\"rcp_registration_total\"><\/div>\n\t\t\t<div class=\"rcp_gateway_fields\">\n\t\t\t\t\t\t\t<fieldset class=\"rcp_gateways_fieldset\">\n\t\t\t\t\t<legend>Choose Your Payment Method<\/legend>\n\t\t\t\t\t<p id=\"rcp_payment_gateways\">\n\t\t\t\t\t\t\t\t\t\t\t\t\t<label for=\"rcp_gateway_stripe\" class=\"rcp_gateway_option_label\">\n\t\t\t\t\t\t\t\t<input id=\"rcp_gateway_stripe\" name=\"rcp_gateway\" type=\"radio\" class=\"rcp_gateway_option_input\" value=\"stripe\" data-supports-recurring=\"yes\" data-supports-trial=\"yes\"  checked='checked'>\n\t\t\t\t\t\t\t\tCredit \/ Debit Card\t\t\t\t\t\t\t<\/label>\n\t\t\t\t\t\t\t\t\t\t\t\t\t<label for=\"rcp_gateway_paypal\" class=\"rcp_gateway_option_label\">\n\t\t\t\t\t\t\t\t<input id=\"rcp_gateway_paypal\" name=\"rcp_gateway\" type=\"radio\" class=\"rcp_gateway_option_input\" value=\"paypal\" data-supports-recurring=\"yes\" data-supports-trial=\"yes\" >\n\t\t\t\t\t\t\t\tPayPal\t\t\t\t\t\t\t<\/label>\n\t\t\t\t\t\t\t\t\t\t\t<\/p>\n\t\t\t\t<\/fieldset>\n\t\t\t\t\t<\/div>\n\t\n\t\t\t<fieldset class=\"rcp_agree_to_terms_fieldset\">\n\t\t\t<p id=\"rcp_agree_to_terms_wrap\">\n\t\t\t\t<input type=\"checkbox\" id=\"rcp_agree_to_terms\" name=\"rcp_agree_to_terms\" value=\"1\">\n\t\t\t\t<label for=\"rcp_agree_to_terms\">\n\t\t\t\t\t<a href=\"https:\/\/esturf.com\/cgu\" target=\"_blank\">I agree to the terms and conditions<\/a>\t\t\t\t<\/label>\n\t\t\t<\/p>\n\t\t<\/fieldset>\n\t\n\t\n\t\t<input type=\"hidden\" id=\"rcp-registration-type\" name=\"registration_type\" value=\"\" \/>\n\t<input type=\"hidden\" id=\"rcp-membership-id\" name=\"membership_id\" value=\"0\" \/>\n\t<input type=\"hidden\" id=\"rcp-payment-id\" name=\"rcp_registration_payment_id\" value=\"0\" \/>\n\t\n\t\n\t<p id=\"rcp_submit_wrap\">\n\t\t\t\t<input type=\"hidden\" name=\"rcp_register_nonce\" value=\"c79b11e372\"\/>\n\t\t<input type=\"submit\" name=\"rcp_submit_registration\" id=\"rcp_submit\" class=\"rcp-button\" value=\"Register\"\/>\n\t<\/p>\n<\/form>\n\n<p>[\/et_pb_text][\/et_pb_column][et_pb_column type=\u00a0\u00bb1_2&Prime; _builder_version=\u00a0\u00bb4.4.3&Prime; custom_padding=\u00a0\u00bb|||\u00a0\u00bb custom_padding__hover=\u00a0\u00bb|||\u00a0\u00bb][et_pb_text _builder_version=\u00a0\u00bb4.7.6&Prime; header_font=\u00a0\u00bb||||||||\u00a0\u00bb background_color=\u00a0\u00bb#ffffff\u00a0\u00bb width=\u00a0\u00bb86%\u00a0\u00bb module_alignment=\u00a0\u00bbcenter\u00a0\u00bb custom_margin=\u00a0\u00bb||37px||false|false\u00a0\u00bb custom_padding=\u00a0\u00bb9px|23px|16px|19px|false|false\u00a0\u00bb border_radii=\u00a0\u00bbon|20px|20px|20px|20px\u00a0\u00bb box_shadow_style=\u00a0\u00bbpreset1&Prime;]<\/p>\n<p><img loading=\"lazy\" decoding=\"async\" src=\"https:\/\/esturf.com\/wp-content\/uploads\/2020\/09\/logoakf.png\" width=\"360\" height=\"339\" alt=\"\" class=\"wp-image-1967 alignnone size-full\" style=\"display: block; margin-left: auto; margin-right: auto;\" \/><\/p>\n<p>Une fois votre abonnement valid\u00e9 vous pouvez directement vous connecter au site pour acc\u00e9der au contenu VIP<\/p>\n<p><span><img loading=\"lazy\" decoding=\"async\" src=\"https:\/\/esturf.com\/wp-content\/uploads\/2019\/05\/Screenshot_9-300x152.jpg\" width=\"249\" height=\"126\" alt=\"\" class=\"wp-image-961 alignnone size-full\" style=\"display: block; margin-left: auto; margin-right: auto;\" \/><img loading=\"lazy\" decoding=\"async\" src=\"https:\/\/esturf.com\/wp-content\/uploads\/2020\/04\/logo-stripe.png\" width=\"283\" height=\"85\" alt=\"\" class=\"wp-image-1508 alignnone size-full\" style=\"display: block; margin-left: auto; margin-right: auto;\" \/><strong><em><span style=\"color: #33cccc;\">\u00a0<\/span><\/em><\/strong><\/span><\/p>\n<p style=\"text-align: center;\"><strong><em>L&rsquo;ensemble des paiements et informations sont s\u00e9curis\u00e9s par SSL. Merci de votre confiance<\/em><\/strong><span style=\"font-size: 19px; text-align: left;\">\u00a0<\/span><\/p>\n<p>[\/et_pb_text][\/et_pb_column][\/et_pb_row][\/et_pb_section][et_pb_section fb_built=\u00a0\u00bb1&Prime; admin_label=\u00a0\u00bbFeatures\u00a0\u00bb _builder_version=\u00a0\u00bb4.6.0&Prime; background_color=\u00a0\u00bb#1c1c1c\u00a0\u00bb background_color_gradient_direction=\u00a0\u00bb1deg\u00a0\u00bb parallax=\u00a0\u00bbon\u00a0\u00bb parallax_method=\u00a0\u00bboff\u00a0\u00bb custom_padding=\u00a0\u00bb42px|0px|18px|0px|false|false\u00a0\u00bb top_divider_style=\u00a0\u00bbtriangle\u00a0\u00bb top_divider_color=\u00a0\u00bb#474747&Prime; top_divider_height=\u00a0\u00bb56px\u00a0\u00bb top_divider_flip=\u00a0\u00bbvertical\u00a0\u00bb bottom_divider_color=\u00a0\u00bb#ffffff\u00a0\u00bb bottom_divider_height=\u00a0\u00bb113px\u00a0\u00bb global_module=\u00a0\u00bb1525&Prime; saved_tabs=\u00a0\u00bball\u00a0\u00bb][et_pb_row column_structure=\u00a0\u00bb1_3,1_3,1_3&Prime; _builder_version=\u00a0\u00bb4.6.0&Prime; custom_margin=\u00a0\u00bb47px|auto||auto||\u00a0\u00bb custom_padding=\u00a0\u00bb12px|||||\u00a0\u00bb][et_pb_column type=\u00a0\u00bb1_3&Prime; _builder_version=\u00a0\u00bb3.25&Prime; custom_padding=\u00a0\u00bb|||\u00a0\u00bb custom_padding__hover=\u00a0\u00bb|||\u00a0\u00bb][et_pb_text _builder_version=\u00a0\u00bb4.4.4&Prime; text_font=\u00a0\u00bb||||||||\u00a0\u00bb text_text_color=\u00a0\u00bb#ffffff\u00a0\u00bb link_text_color=\u00a0\u00bb#ffffff\u00a0\u00bb header_font=\u00a0\u00bb||||||||\u00a0\u00bb header_2_font=\u00a0\u00bb||||||||\u00a0\u00bb header_2_text_align=\u00a0\u00bbcenter\u00a0\u00bb header_2_text_color=\u00a0\u00bb#e1c65c\u00a0\u00bb header_2_font_size=\u00a0\u00bb32px\u00a0\u00bb header_2_line_height=\u00a0\u00bb1.2em\u00a0\u00bb text_orientation=\u00a0\u00bbcenter\u00a0\u00bb custom_margin=\u00a0\u00bb-6px||-6px|||\u00a0\u00bb header_2_font_size_tablet=\u00a0\u00bb50px\u00a0\u00bb header_2_font_size_phone=\u00a0\u00bb30px\u00a0\u00bb header_2_font_size_last_edited=\u00a0\u00bbon|phone\u00a0\u00bb locked=\u00a0\u00bboff\u00a0\u00bb]<\/p>\n<h2>Navigation<\/h2>\n<p><a href=\"https:\/\/esturf.com\/register\">Devenir VIP<\/a><\/p>\n<p><a href=\"https:\/\/esturf.com\/contact\">Contact<\/a><\/p>\n<p><a href=\"https:\/\/esturf.com\/cgu\/\">CGU et Mentions<\/a><\/p>\n<p>[\/et_pb_text][et_pb_text _builder_version=\u00a0\u00bb4.7.6&Prime; text_font=\u00a0\u00bb||||||||\u00a0\u00bb text_text_color=\u00a0\u00bb#ffffff\u00a0\u00bb link_text_color=\u00a0\u00bb#ffffff\u00a0\u00bb header_font=\u00a0\u00bb||||||||\u00a0\u00bb header_2_font=\u00a0\u00bb||||||||\u00a0\u00bb header_2_text_align=\u00a0\u00bbcenter\u00a0\u00bb header_2_text_color=\u00a0\u00bb#e1c65c\u00a0\u00bb header_2_font_size=\u00a0\u00bb32px\u00a0\u00bb header_2_line_height=\u00a0\u00bb1.2em\u00a0\u00bb text_orientation=\u00a0\u00bbcenter\u00a0\u00bb custom_margin=\u00a0\u00bb-6px||-6px|||\u00a0\u00bb custom_padding=\u00a0\u00bb18px|||||\u00a0\u00bb header_2_font_size_tablet=\u00a0\u00bb50px\u00a0\u00bb header_2_font_size_phone=\u00a0\u00bb30px\u00a0\u00bb header_2_font_size_last_edited=\u00a0\u00bbon|phone\u00a0\u00bb locked=\u00a0\u00bboff\u00a0\u00bb]<\/p>\n<h2>Membres VIP<\/h2>\n<p><a href=\"https:\/\/esturf.com\/register\/edit-your-profile\/\">Se connecter<\/a><\/p>\n<p><a href=\"https:\/\/esturf.com\/register\/edit-your-profile\/\">Mot de passe perdu<\/a><\/p>\n<p>[\/et_pb_text][\/et_pb_column][et_pb_column type=\u00a0\u00bb1_3&Prime; _builder_version=\u00a0\u00bb3.25&Prime; custom_padding=\u00a0\u00bb|||\u00a0\u00bb custom_padding__hover=\u00a0\u00bb|||\u00a0\u00bb][et_pb_text _builder_version=\u00a0\u00bb4.7.7&Prime; text_font=\u00a0\u00bb||||||||\u00a0\u00bb text_text_color=\u00a0\u00bb#ffffff\u00a0\u00bb header_font=\u00a0\u00bb||||||||\u00a0\u00bb header_2_font=\u00a0\u00bb||||||||\u00a0\u00bb header_2_text_align=\u00a0\u00bbcenter\u00a0\u00bb header_2_text_color=\u00a0\u00bb#e1c65c\u00a0\u00bb header_2_font_size=\u00a0\u00bb32px\u00a0\u00bb header_2_line_height=\u00a0\u00bb1.2em\u00a0\u00bb text_orientation=\u00a0\u00bbcenter\u00a0\u00bb custom_margin=\u00a0\u00bb-6px||-6px|||\u00a0\u00bb hover_enabled=\u00a0\u00bb0&Prime; header_2_font_size_tablet=\u00a0\u00bb50px\u00a0\u00bb header_2_font_size_phone=\u00a0\u00bb30px\u00a0\u00bb header_2_font_size_last_edited=\u00a0\u00bbon|phone\u00a0\u00bb locked=\u00a0\u00bboff\u00a0\u00bb sticky_enabled=\u00a0\u00bb0&Prime;]<\/p>\n<h2>Nos r\u00e9seaux<\/h2>\n<p><a href=\"https:\/\/www.snapchat.com\/add\/esturf\"><img loading=\"lazy\" decoding=\"async\" src=\"https:\/\/esturf.com\/wp-content\/uploads\/2020\/12\/snapchat-es.png\" width=\"62\" height=\"62\" alt=\"\" class=\"wp-image-2231 alignnone size-full\" srcset=\"https:\/\/esturf.com\/wp-content\/uploads\/2020\/12\/snapchat-es.png 197w, https:\/\/esturf.com\/wp-content\/uploads\/2020\/12\/snapchat-es-150x150.png 150w, https:\/\/esturf.com\/wp-content\/uploads\/2020\/12\/snapchat-es-12x12.png 12w\" sizes=\"(max-width: 62px) 100vw, 62px\" \/><\/a>\u00a0 \u00a0<a href=\"https:\/\/twitter.com\/es_turf\"><img loading=\"lazy\" decoding=\"async\" src=\"https:\/\/esturf.com\/wp-content\/uploads\/2020\/03\/twi-social.png\" width=\"60\" height=\"60\" alt=\"\" class=\"wp-image-1182 alignnone size-full\" \/><\/a>\u00a0 \u00a0<a href=\"https:\/\/www.instagram.com\/es.turf\/\"><img loading=\"lazy\" decoding=\"async\" src=\"https:\/\/esturf.com\/wp-content\/uploads\/2019\/05\/insta.jpg\" width=\"60\" height=\"60\" alt=\"\" class=\"wp-image-1029 alignnone size-full\" srcset=\"https:\/\/esturf.com\/wp-content\/uploads\/2019\/05\/insta.jpg 225w, https:\/\/esturf.com\/wp-content\/uploads\/2019\/05\/insta-150x150.jpg 150w\" sizes=\"(max-width: 60px) 100vw, 60px\" \/><\/a><\/p>\n<p><span>FAMILLE, VIE SOCIALE, SANT\u00c9 FINANCI\u00c8RE. ETES-VOUS PR\u00caT A TOUT MISER ? POUR \u00caTRE AID\u00c9, APPELEZ LE 09-74-75-13-13 (APPEL NON SURTAX\u00c9)<\/span><\/p>\n<p><span><\/span><\/p>\n<p><span>Copyright \u00a9 2020 ESTURF PRONOS. Tous droits r\u00e9serv\u00e9s. R\u00e9alisation web par <a href=\"https:\/\/betsite.fr\/\">Betsite<\/a><\/span><\/p>\n<p>[\/et_pb_text][\/et_pb_column][et_pb_column type=\u00a0\u00bb1_3&Prime; _builder_version=\u00a0\u00bb4.5.8&Prime; _module_preset=\u00a0\u00bbdefault\u00a0\u00bb][et_pb_image src=\u00a0\u00bbhttps:\/\/esturf.com\/wp-content\/uploads\/2020\/04\/Paiement-securise-Transpalux-3.png\u00a0\u00bb title_text=\u00a0\u00bbPaiement-securise-Transpalux-3&Prime; _builder_version=\u00a0\u00bb4.5.8&Prime; width=\u00a0\u00bb93%\u00a0\u00bb module_alignment=\u00a0\u00bbcenter\u00a0\u00bb custom_margin=\u00a0\u00bb11px|||||\u00a0\u00bb][\/et_pb_image][et_pb_text _builder_version=\u00a0\u00bb4.4.4&Prime; text_text_color=\u00a0\u00bb#ffffff\u00a0\u00bb text_orientation=\u00a0\u00bbjustified\u00a0\u00bb]<\/p>\n<p><span>Les jeux d&rsquo;argent en ligne sont strictement interdits aux mineurs. Jouez responsable et \u00e0 votre limite : ne misez pas plus d&rsquo;argent que vous pouvez vous le permettre, en fonction de vos moyens.<\/span><\/p>\n<p>[\/et_pb_text][\/et_pb_column][\/et_pb_row][\/et_pb_section]<\/p>\n","protected":false},"excerpt":{"rendered":"<p>\n<h3 class=\"rcp_header\">\n\tRegister New Account<\/h3>\n\n\n<form id=\"rcp_registration_form\" class=\"rcp_form\" method=\"POST\" action=\"https:\/\/esturf.com\/en\/wp-json\/wp\/v2\/pages\/334\/\">\n\n\t\n\t\t\t<div class=\"rcp_login_link\">\n\t\t\t<p><a href=\"https:\/\/esturf.com\/wp-login.php?redirect_to=https%3A%2F%2Festurf.com%2Fen%2Fwp-json%2Fwp%2Fv2%2Fpages%2F334%2F\">Log in<\/a> to renew or change an existing membership.<\/p>\n\t\t<\/div>\n\n\t\t\n\t\t<fieldset class=\"rcp_user_fieldset\">\n\t\t\t<p id=\"rcp_user_login_wrap\">\n\t\t\t\t<label for=\"rcp_user_login\">Username<\/label>\n\t\t\t\t<input name=\"rcp_user_login\" id=\"rcp_user_login\" class=\"required\" type=\"text\" \/>\n\t\t\t<\/p>\n\t\t\t<p id=\"rcp_user_email_wrap\">\n\t\t\t\t<label for=\"rcp_user_email\">Email<\/label>\n\t\t\t\t<input name=\"rcp_user_email\" id=\"rcp_user_email\" class=\"required\" type=\"text\" \/>\n\t\t\t<\/p>\n\t\t\t<p id=\"rcp_user_first_wrap\" class=\"inline\">\n\t\t\t\t<label for=\"rcp_user_first\">First Name<\/label>\n\t\t\t\t<input name=\"rcp_user_first\" id=\"rcp_user_first\" type=\"text\" \/>\n\t\t\t<\/p>\n\t\t\t<p id=\"rcp_user_last_wrap\" class=\"inline-block\">\n\t\t\t\t<label for=\"rcp_user_last\">Last Name<\/label>\n\t\t\t\t<input name=\"rcp_user_last\" id=\"rcp_user_last\" type=\"text\" \/>\n\t\t\t<\/p>\n\t\t\t<p id=\"rcp_password_wrap\" class=\"inline\">\n\t\t\t\t<label for=\"rcp_password\">Password<\/label>\n\t\t\t\t<input name=\"rcp_user_pass\" id=\"rcp_password\" class=\"required\" type=\"password\"\/>\n\t\t\t<\/p>\n\t\t\t<p id=\"rcp_password_again_wrap\" class=\"inline-block\">\n\t\t\t\t<label for=\"rcp_password_again\">Password Again<\/label>\n\t\t\t\t<input name=\"rcp_user_pass_confirm\" id=\"rcp_password_again\" class=\"required\" type=\"password\"\/>\n\t\t\t<\/p>\n\n\t\t\t\n\t\t<\/fieldset>\n\t\n\t\n\t\t\t\t<fieldset class=\"rcp_subscription_fieldset\">\n\t\t\t\t\t\t\t\t\t<p class=\"rcp_subscription_message\">Choose your membership level<\/p>\n\t\t\t\t\t\t<ul id=\"rcp_subscription_levels\">\n\t\t\t\t\t\t\t\t\t\t\t\t\t\t<li class=\"rcp_subscription_level rcp_subscription_level_1\">\n\t\t\t\t\t\t<input type=\"radio\" id=\"rcp_subscription_level_1\" class=\"required rcp_level\" checked=\"checked\" name=\"rcp_level\" rel=\"9.99\" value=\"1\" \/>\n\t\t\t\t\t\t<label for=\"rcp_subscription_level_1\">\n\t\t\t\t\t\t\t<span class=\"rcp_subscription_level_name\">PACK CLASSIQUE<\/span><span class=\"rcp_separator\">&nbsp;-&nbsp;<\/span><span class=\"rcp_price\" rel=\"9.99\">9.99&#8364;<\/span><span class=\"rcp_separator\">&nbsp;-&nbsp;<\/span>\n\t\t\t\t\t\t\t<span class=\"rcp_level_duration\">1&nbsp;Month<\/span>\n\t\t\t\t\t\t\t\t\t\t\t\t\t\t<div class=\"rcp_level_description\"> 1 MOIS SANS ENGAGEMENT<\/div>\n\t\t\t\t\t\t<\/label>\n\t\t\t\t\t<\/li>\n\t\t\t\t\t\t\t\t\t\t\t\t\t\t\t\t\t\t\t<li class=\"rcp_subscription_level rcp_subscription_level_2\">\n\t\t\t\t\t\t<input type=\"radio\" id=\"rcp_subscription_level_2\" class=\"required rcp_level\"  name=\"rcp_level\" rel=\"39.99\" value=\"2\" \/>\n\t\t\t\t\t\t<label for=\"rcp_subscription_level_2\">\n\t\t\t\t\t\t\t<span class=\"rcp_subscription_level_name\">PACK DU CRACK<\/span><span class=\"rcp_separator\">&nbsp;-&nbsp;<\/span><span class=\"rcp_price\" rel=\"39.99\">39.99&#8364;<\/span><span class=\"rcp_separator\">&nbsp;-&nbsp;<\/span>\n\t\t\t\t\t\t\t<span class=\"rcp_level_duration\">1&nbsp;Month<\/span>\n\t\t\t\t\t\t\t\t\t\t\t\t\t\t<div class=\"rcp_level_description\"> 1 MOIS SANS ENGAGEMENT<\/div>\n\t\t\t\t\t\t<\/label>\n\t\t\t\t\t<\/li>\n\t\t\t\t\t\t\t\t\t\t\t\t\t\t\t\t\t\t\t<li class=\"rcp_subscription_level rcp_subscription_level_3\">\n\t\t\t\t\t\t<input type=\"radio\" id=\"rcp_subscription_level_3\" class=\"required rcp_level\"  name=\"rcp_level\" rel=\"249.99\" value=\"3\" \/>\n\t\t\t\t\t\t<label for=\"rcp_subscription_level_3\">\n\t\t\t\t\t\t\t<span class=\"rcp_subscription_level_name\">PACK SUR-MESURE<\/span><span class=\"rcp_separator\">&nbsp;-&nbsp;<\/span><span class=\"rcp_price\" rel=\"249.99\">249.99&#8364;<\/span><span class=\"rcp_separator\">&nbsp;-&nbsp;<\/span>\n\t\t\t\t\t\t\t<span class=\"rcp_level_duration\">1&nbsp;Month<\/span>\n\t\t\t\t\t\t\t\t\t\t\t\t\t\t<div class=\"rcp_level_description\"> 1 MOIS SANS ENGAGEMENT<\/div>\n\t\t\t\t\t\t<\/label>\n\t\t\t\t\t<\/li>\n\t\t\t\t\t\t\t\t\t\t\t\t<\/ul>\n\t\t\t\t<\/fieldset>\n\t\t\t<fieldset class=\"rcp_discounts_fieldset\">\n\t\t\t<p id=\"rcp_discount_code_wrap\">\n\t\t\t\t<label for=\"rcp_discount_code\">\n\t\t\t\t\tDiscount Code\t\t\t\t\t<span class=\"rcp_discount_valid\" style=\"display: none;\"> - Valid<\/span>\n\t\t\t\t\t<span class=\"rcp_discount_invalid\" style=\"display: none;\"> - Invalid<\/span>\n\t\t\t\t<\/label>\n\t\t\t\t<span class=\"rcp_discount_code_field_wrap\">\n\t\t\t\t\t<input type=\"text\" id=\"rcp_discount_code\" name=\"rcp_discount\" class=\"rcp_discount_code\" value=\"\"\/>\n\t\t\t\t\t<button class=\"rcp_button\" id=\"rcp_apply_discount\">Apply<\/button>\n\t\t\t\t<\/span>\n\t\t\t<\/p>\n\t\t<\/fieldset>\n\t\t<div class=\"rcp_registration_total\"><\/div>\n\t\t\t<div class=\"rcp_gateway_fields\">\n\t\t\t\t\t\t\t<fieldset class=\"rcp_gateways_fieldset\">\n\t\t\t\t\t<legend>Choose Your Payment Method<\/legend>\n\t\t\t\t\t<p id=\"rcp_payment_gateways\">\n\t\t\t\t\t\t\t\t\t\t\t\t\t<label for=\"rcp_gateway_stripe\" class=\"rcp_gateway_option_label\">\n\t\t\t\t\t\t\t\t<input id=\"rcp_gateway_stripe\" name=\"rcp_gateway\" type=\"radio\" class=\"rcp_gateway_option_input\" value=\"stripe\" data-supports-recurring=\"yes\" data-supports-trial=\"yes\"  checked='checked'>\n\t\t\t\t\t\t\t\tCredit \/ Debit Card\t\t\t\t\t\t\t<\/label>\n\t\t\t\t\t\t\t\t\t\t\t\t\t<label for=\"rcp_gateway_paypal\" class=\"rcp_gateway_option_label\">\n\t\t\t\t\t\t\t\t<input id=\"rcp_gateway_paypal\" name=\"rcp_gateway\" type=\"radio\" class=\"rcp_gateway_option_input\" value=\"paypal\" data-supports-recurring=\"yes\" data-supports-trial=\"yes\" >\n\t\t\t\t\t\t\t\tPayPal\t\t\t\t\t\t\t<\/label>\n\t\t\t\t\t\t\t\t\t\t\t<\/p>\n\t\t\t\t<\/fieldset>\n\t\t\t\t\t<\/div>\n\t\n\t\t\t<fieldset class=\"rcp_agree_to_terms_fieldset\">\n\t\t\t<p id=\"rcp_agree_to_terms_wrap\">\n\t\t\t\t<input type=\"checkbox\" id=\"rcp_agree_to_terms\" name=\"rcp_agree_to_terms\" value=\"1\">\n\t\t\t\t<label for=\"rcp_agree_to_terms\">\n\t\t\t\t\t<a href=\"https:\/\/esturf.com\/cgu\" target=\"_blank\">I agree to the terms and conditions<\/a>\t\t\t\t<\/label>\n\t\t\t<\/p>\n\t\t<\/fieldset>\n\t\n\t\n\t\t<input type=\"hidden\" id=\"rcp-registration-type\" name=\"registration_type\" value=\"\" \/>\n\t<input type=\"hidden\" id=\"rcp-membership-id\" name=\"membership_id\" value=\"0\" \/>\n\t<input type=\"hidden\" id=\"rcp-payment-id\" name=\"rcp_registration_payment_id\" value=\"0\" \/>\n\t\n\t\n\t<p id=\"rcp_submit_wrap\">\n\t\t\t\t<input type=\"hidden\" name=\"rcp_register_nonce\" value=\"c79b11e372\"\/>\n\t\t<input type=\"submit\" name=\"rcp_submit_registration\" id=\"rcp_submit\" class=\"rcp-button\" value=\"Register\"\/>\n\t<\/p>\n<\/form>\n Une fois votre abonnement valid\u00e9 vous pouvez directement vous connecter au site pour acc\u00e9der au contenu VIP \u00a0 L&rsquo;ensemble des paiements et informations sont s\u00e9curis\u00e9s par SSL. Merci de votre confiance\u00a0Navigation Devenir VIP Contact CGU et MentionsMembres VIP Se connecter Mot de passe perduNos r\u00e9seaux \u00a0 \u00a0\u00a0 \u00a0 FAMILLE, VIE SOCIALE, SANT\u00c9 FINANCI\u00c8RE. ETES-VOUS [&hellip;]<\/p>\n","protected":false},"author":1,"featured_media":0,"parent":0,"menu_order":0,"comment_status":"closed","ping_status":"closed","template":"","meta":{"_et_pb_use_builder":"on","_et_pb_old_content":"<p>[register_form]<\/p>","_et_gb_content_width":"","footnotes":""},"class_list":["post-334","page","type-page","status-publish","hentry"],"_links":{"self":[{"href":"https:\/\/esturf.com\/en\/wp-json\/wp\/v2\/pages\/334","targetHints":{"allow":["GET"]}}],"collection":[{"href":"https:\/\/esturf.com\/en\/wp-json\/wp\/v2\/pages"}],"about":[{"href":"https:\/\/esturf.com\/en\/wp-json\/wp\/v2\/types\/page"}],"author":[{"embeddable":true,"href":"https:\/\/esturf.com\/en\/wp-json\/wp\/v2\/users\/1"}],"replies":[{"embeddable":true,"href":"https:\/\/esturf.com\/en\/wp-json\/wp\/v2\/comments?post=334"}],"version-history":[{"count":34,"href":"https:\/\/esturf.com\/en\/wp-json\/wp\/v2\/pages\/334\/revisions"}],"predecessor-version":[{"id":2355,"href":"https:\/\/esturf.com\/en\/wp-json\/wp\/v2\/pages\/334\/revisions\/2355"}],"wp:attachment":[{"href":"https:\/\/esturf.com\/en\/wp-json\/wp\/v2\/media?parent=334"}],"curies":[{"name":"wp","href":"https:\/\/api.w.org\/{rel}","templated":true}]}}